{"id":33,"date":"2015-12-11T13:57:44","date_gmt":"2015-12-11T13:57:44","guid":{"rendered":"https:\/\/abcoaching-valence.fr\/?page_id=33"},"modified":"2023-10-31T16:48:54","modified_gmt":"2023-10-31T15:48:54","slug":"espace-entreprise","status":"publish","type":"page","link":"https:\/\/abcoaching-valence.fr\/index.php\/espace-entreprise\/","title":{"rendered":"Espace Entreprise"},"content":{"rendered":"<section class=\"wpb-content-wrapper\"><p>[vc_row full_width=&#8221;stretch_row&#8221;][vc_column]<div class=\"sc_content content_wrap\" style=\"padding: 4em 0 2.5em 0;\"><h5 class=\"sc_title sc_title_regular sc_align_center margin_bottom_tiny-\" style=\"letter-spacing: 11.5px;text-align:center;color:#afafb0;font-weight:700;font-size:0.833em;\">Espace<\/h5><h2 class=\"sc_title sc_title_regular sc_align_center\" style=\"text-align:center;\">Entreprise<\/h2>[vc_column_text css=&#8221;.vc_custom_1698760516630{margin-top: 12px !important;margin-bottom: -10px !important;}&#8221;]<\/p>\n<p style=\"text-align: center; font-size: 1.111em; line-height: 30px;\">Le sport entre coll\u00e8gues de travail<\/p>\n<p>[\/vc_column_text]<div class=\"columns_wrap sc_columns columns_nofluid sc_columns_count_4 margin_top_large\"><div class=\"column-1_4 sc_column_item sc_column_item_1 odd first\" style=\"text-align: center; padding: 1em 0 4em 0;\"><span class=\"sc_icon icon-icon2\" style=\"font-size:3.2em; line-height: 1em;\"><\/span><h5 class=\"sc_title sc_title_regular margin_bottom_small\" style=\"font-size:1.2222em;\">Coh\u00e9sion d&#8217;\u00c9quipe Renforc\u00e9e<\/h5><\/div><div class=\"column-1_4 sc_column_item sc_column_item_2 even\" style=\"border-left: 1px solid rgba(69,71,72,0.7);text-align: center; padding: 1em 0 4em 0;\"><span class=\"sc_icon icon-icon1\" style=\"font-size:3.2em; line-height: 1em;\"><\/span><h5 class=\"sc_title sc_title_regular margin_bottom_small\" style=\"font-size:1.2222em;\">R\u00e9duction du Stress<\/h5><\/div><div class=\"column-1_4 sc_column_item sc_column_item_3 odd\" style=\"border-left: 1px solid rgba(69,71,72,0.7);text-align: center; padding: 1em 0 4em 0;\"><span class=\"sc_icon icon-icon3\" style=\"font-size:3.2em; line-height: 1em;\"><\/span><h5 class=\"sc_title sc_title_regular margin_bottom_small\" style=\"font-size:1.2222em;\">Meilleure Qualit\u00e9 de Vie<\/h5><\/div><div class=\"column-1_4 sc_column_item sc_column_item_4 even\" style=\"border-left: 1px solid rgba(69,71,72,0.7);text-align: center; padding: 1em 0 4em 0;\"><span class=\"sc_icon icon-icon4\" style=\"font-size:3.2em; line-height: 1em;\"><\/span><h5 class=\"sc_title sc_title_regular margin_bottom_small\" style=\"font-size:1.2222em;\">Boost de Motivation<\/h5><\/div><\/div><\/div>[vc_column_text]Le bien-\u00eatre des employ\u00e9s est essentiel \u00e0 la r\u00e9ussite de toute entreprise. Pour favoriser la coh\u00e9sion d&#8217;\u00e9quipe, r\u00e9duire le stress et am\u00e9liorer la productivit\u00e9, AB Coaching Valence propose une solution innovante : le sport entre coll\u00e8gues de travail. Que vous souhaitiez que vos employ\u00e9s viennent dans notre box \u00e0 Valence ou que nous nous d\u00e9placions directement dans votre entreprise, nous avons la formule parfaite pour r\u00e9pondre \u00e0 vos besoins.[\/vc_column_text][vc_empty_space][\/vc_column][\/vc_row][vc_row full_width=&#8221;stretch_row_content&#8221; css=&#8221;.vc_custom_1450346295745{background-color: #141516 !important;}&#8221;][vc_column][vc_empty_space]<figure class=\"sc_image  sc_image_shape_square\"><img decoding=\"async\" src=\"https:\/\/abcoaching-valence.fr\/wp-content\/uploads\/2023\/10\/espace-entreprise.png\" alt=\"\" \/><\/figure><h5 class=\"sc_title sc_title_regular sc_align_center margin_top_huge margin_bottom_tiny-\" style=\"letter-spacing: 11.5px;text-align:center;color:#afafb0;font-weight:700;font-size:0.833em;\">o\u00f9<\/h5><h2 class=\"sc_title sc_title_regular sc_align_center\" style=\"margin-bottom:1em;text-align:center;\">Chez nous ou chez vous<\/h2><div class=\"columns_wrap sc_columns columns_nofluid sc_columns_count_1\"><div class=\"column-1_1 sc_column_item sc_column_item_1 odd first\">[vc_column_text]<\/p>\n<p style=\"text-align: center;\"><strong>Cr\u00e9ez la Formule Adapt\u00e9e \u00e0 Vos Besoins :<\/strong><\/p>\n<p style=\"text-align: center;\">Chez AB Coaching Valence, nous comprenons que chaque entreprise est unique. C&#8217;est pourquoi nous vous encourageons \u00e0 nous contacter pour discuter de vos besoins sp\u00e9cifiques. Nous travaillerons en \u00e9troite collaboration avec vous pour cr\u00e9er la meilleure formule de sport entre coll\u00e8gues adapt\u00e9e \u00e0 votre entreprise et \u00e0 ses employ\u00e9s.<\/p>\n<p>[\/vc_column_text][vc_empty_space]<\/div><\/div>[\/vc_column][\/vc_row][vc_row full_width=&#8221;stretch_row&#8221;][vc_column][vc_empty_space]<div class=\"columns_wrap sc_columns columns_nofluid sc_columns_count_2\"><div class=\"column-1_2 sc_column_item sc_column_item_1 odd first\">[vc_column_text]<\/p>\n<p style=\"text-align: center;\"><strong>Sport Entre Coll\u00e8gues de Travail dans Notre Box :<\/strong><\/p>\n<p style=\"text-align: center;\">Nous mettons \u00e0 votre disposition notre espace, enti\u00e8rement \u00e9quip\u00e9e \u00e0 Valence, l&#8217;endroit id\u00e9al pour organiser des s\u00e9ances de sport entre coll\u00e8gues.<\/p>\n<p>[\/vc_column_text]<\/div><div class=\"column-1_2 sc_column_item sc_column_item_2 even\">[vc_column_text]<\/p>\n<p style=\"text-align: center;\"><strong>Sport en Entreprise :<\/strong><\/p>\n<p style=\"text-align: center;\">Si vous pr\u00e9f\u00e9rez que le sport se d\u00e9roule directement dans vos locaux, nous sommes ravis de nous rendre dans votre entreprise.<\/p>\n<p>[\/vc_column_text]<\/div><\/div>[vc_empty_space]<div class=\"columns_wrap sc_columns columns_nofluid sc_columns_count_2 new-to-cf-block-3 \" style=\"padding: 5em 0 4.7em 0;\"><div class=\"column-1_2 sc_column_item sc_column_item_1 odd first\"><h3 class=\"sc_title sc_title_regular sc_align_left\" style=\"margin-top:-13px; margin-bottom:1em;text-align:left;\">Les bienfaits<\/h3><div class=\"sc_accordion\" data-active=\"0\"><div class=\"sc_accordion_item odd first\"><h5 class=\"sc_accordion_title\"><span class=\"sc_accordion_icon sc_accordion_icon_closed icon-down-dir\"><\/span><span class=\"sc_accordion_icon sc_accordion_icon_opened icon-up-dir\"><\/span>Coh\u00e9sion d'\u00c9quipe :<\/h5><div class=\"sc_accordion_content\">[vc_column_text]Nos s\u00e9ances de sport en groupe renforcent les liens entre coll\u00e8gues, favorisant ainsi une meilleure collaboration et communication au sein de l&#8217;entreprise.[\/vc_column_text]<\/div><\/div><div class=\"sc_accordion_item even\"><h5 class=\"sc_accordion_title\"><span class=\"sc_accordion_icon sc_accordion_icon_closed icon-down-dir\"><\/span><span class=\"sc_accordion_icon sc_accordion_icon_opened icon-up-dir\"><\/span>R\u00e9duction du Stress :<\/h5><div class=\"sc_accordion_content\">[vc_column_text]Offrez \u00e0 vos employ\u00e9s une pause active pour les aider \u00e0 g\u00e9rer le stress et \u00e0 maintenir leur bien-\u00eatre g\u00e9n\u00e9ral.[\/vc_column_text]<\/div><\/div><div class=\"sc_accordion_item odd\"><h5 class=\"sc_accordion_title\"><span class=\"sc_accordion_icon sc_accordion_icon_closed icon-down-dir\"><\/span><span class=\"sc_accordion_icon sc_accordion_icon_opened icon-up-dir\"><\/span>Motivation et Productivit\u00e9 :<\/h5><div class=\"sc_accordion_content\">[vc_column_text]Le sport favorise la motivation, la concentration et la cr\u00e9ativit\u00e9, ce qui peut se traduire par une meilleure performance au travail.[\/vc_column_text]<\/div><\/div><div id=\"sc_accordion_item_1698766873407_5\" class=\"sc_accordion_item even\"><h5 class=\"sc_accordion_title\"><span class=\"sc_accordion_icon sc_accordion_icon_closed icon-down-dir\"><\/span><span class=\"sc_accordion_icon sc_accordion_icon_opened icon-up-dir\"><\/span>Installation de Qualit\u00e9 :<\/h5><div class=\"sc_accordion_content\">[vc_column_text]Notre box est \u00e9quip\u00e9e de mat\u00e9riel de pointe, garantissant ainsi un environnement de remise en forme s\u00fbr et efficace.[\/vc_column_text]<\/div><\/div><div id=\"sc_accordion_item_1698766920903_6\" class=\"sc_accordion_item odd\"><h5 class=\"sc_accordion_title\"><span class=\"sc_accordion_icon sc_accordion_icon_closed icon-down-dir\"><\/span><span class=\"sc_accordion_icon sc_accordion_icon_opened icon-up-dir\"><\/span>Confort et Accessibilit\u00e9 :<\/h5><div class=\"sc_accordion_content\">[vc_column_text]Chez vous, vos employ\u00e9s n&#8217;ont pas besoin de quitter les lieux de travail, ce qui est pratique et permet d&#8217;optimiser le temps.[\/vc_column_text]<\/div><\/div><div id=\"sc_accordion_item_1698766920903_6\" class=\"sc_accordion_item even\"><h5 class=\"sc_accordion_title\"><span class=\"sc_accordion_icon sc_accordion_icon_closed icon-down-dir\"><\/span><span class=\"sc_accordion_icon sc_accordion_icon_opened icon-up-dir\"><\/span>Personnalisation :<\/h5><div class=\"sc_accordion_content\">[vc_column_text]Nous adaptons nos sessions en fonction de l&#8217;espace disponible et des besoins de votre entreprise.[\/vc_column_text]<\/div><\/div><div id=\"sc_accordion_item_1698766920903_6\" class=\"sc_accordion_item odd\"><h5 class=\"sc_accordion_title\"><span class=\"sc_accordion_icon sc_accordion_icon_closed icon-down-dir\"><\/span><span class=\"sc_accordion_icon sc_accordion_icon_opened icon-up-dir\"><\/span>Flexibilit\u00e9 :<\/h5><div class=\"sc_accordion_content\">[vc_column_text]Vous pouvez choisir entre une session unique ou des sessions r\u00e9currentes sur plusieurs mois, selon vos pr\u00e9f\u00e9rences.[\/vc_column_text]<\/div><\/div><\/div><\/div><div class=\"column-1_2 sc_column_item sc_column_item_2 even\"><figure class=\"sc_image  sc_image_shape_square\" style=\"height:395px;\"><img decoding=\"async\" src=\"https:\/\/abcoaching-valence.fr\/wp-content\/uploads\/2023\/10\/8.png\" alt=\"\" \/><\/figure><\/div><\/div><div class=\"columns_wrap sc_columns columns_nofluid sc_columns_count_1\"><div class=\"column-1_1 sc_column_item sc_column_item_1 odd first\">[vc_column_text]<\/p>\n<p style=\"text-align: center;\">Offrir \u00e0 vos employ\u00e9s la possibilit\u00e9 de faire du sport entre coll\u00e8gues est un investissement pr\u00e9cieux dans le bien-\u00eatre et la productivit\u00e9 de votre entreprise. Chez AB Coaching Valence, nous sommes pr\u00eats \u00e0 vous accompagner, que ce soit dans notre box ou directement dans vos locaux, pour cr\u00e9er une exp\u00e9rience sportive unique et adapt\u00e9e \u00e0 vos besoins. Contactez-nous d\u00e8s aujourd&#8217;hui pour discuter de vos options et commencer \u00e0 promouvoir un environnement de travail plus sain et plus dynamique. Vos employ\u00e9s vous en seront reconnaissants, et votre entreprise en r\u00e9coltera les b\u00e9n\u00e9fices.<\/p>\n<p>[\/vc_column_text][vc_empty_space]<\/div><\/div>[\/vc_column][\/vc_row][vc_row full_width=&#8221;stretch_row&#8221; disable_element=&#8221;yes&#8221; css=&#8221;.vc_custom_1698766316858{background-image: url(https:\/\/abcoaching-valence.fr\/wp-content\/uploads\/2015\/12\/bg_home3_testimonials.jpg?id=896) !important;}&#8221;][vc_column]<div class=\"sc_content content_wrap\" style=\"padding: 3.14em 0;\"><div id=\"sc_testimonials_1273984202\" class=\"sc_testimonials sc_testimonials_style_testimonials-2  sc_slider_swiper swiper-slider-container sc_slider_pagination sc_slider_pagination_bottom sc_slider_nocontrols\" data-interval=\"6163\" data-slides-min-width=\"250\" style=\"width:100%;\"><div class=\"slides swiper-wrapper\"><div class=\"swiper-slide\" data-style=\"width:100%;\" style=\"width:100%;\">\t\t\t<div id=\"sc_testimonials_1273984202_1\" class=\"sc_testimonial_item\">\n\t\t\t\t<div class=\"sc_testimonial_content\"><p>It is an awesome workout! I have seen significant changes in my strength, endurance, and shape. CrossFit IronFit is for you if you want to build a better body.<\/p><\/div>\n\t\t\t\t\t\t\t\t<div class=\"sc_testimonial_author\"><span class=\"sc_testimonial_author_name\">Cecil Cain<\/span><\/div>\n\t\t\t\t\t\t\t<\/div>\n\t\t<\/div><div class=\"swiper-slide\" data-style=\"width:100%;\" style=\"width:100%;\">\t\t\t<div id=\"sc_testimonials_1273984202_2\" class=\"sc_testimonial_item\">\n\t\t\t\t<div class=\"sc_testimonial_content\"><p>I\u2019ve lost over 110 pounds so far and it\u2019s changed my life. Your coaches have given me the tools, motivation, and the support I needed to become the person that I am today. The staff is great! It\u2019s like a 2nd family.<\/p><\/div>\n\t\t\t\t\t\t\t\t<div class=\"sc_testimonial_author\"><span class=\"sc_testimonial_author_name\">Jo Goodwin<\/span><\/div>\n\t\t\t\t\t\t\t<\/div>\n\t\t<\/div><div class=\"swiper-slide\" data-style=\"width:100%;\" style=\"width:100%;\">\t\t\t<div id=\"sc_testimonials_1273984202_3\" class=\"sc_testimonial_item\">\n\t\t\t\t<div class=\"sc_testimonial_content\"><p>This is a welcoming place. I'm new to crossfit and the trainers work with you at your level. I'm 35 and I see all ages at this gym.<\/p><\/div>\n\t\t\t\t\t\t\t\t<div class=\"sc_testimonial_author\"><span class=\"sc_testimonial_author_name\">Wilbert Day<\/span><\/div>\n\t\t\t\t\t\t\t<\/div>\n\t\t<\/div><\/div><div class=\"sc_slider_controls_wrap\"><a class=\"sc_slider_prev\" href=\"#\"><\/a><a class=\"sc_slider_next\" href=\"#\"><\/a><\/div><div class=\"sc_slider_pagination_wrap\"><\/div><\/div><\/div>[\/vc_column][\/vc_row][vc_row full_width=&#8221;stretch_row_content_no_spaces&#8221; css=&#8221;.vc_custom_1698766304739{background-color: #3a59e8 !important;}&#8221;][vc_column]<div class=\"sc_content content_wrap home-1-block-4 \" style=\"padding: 2.8em 0 0.9em;\"><div class=\"columns_wrap sc_columns columns_nofluid no_margins sc_columns_count_2\"><div class=\"column-1_2 sc_column_item sc_column_item_1 odd first\"><h3 class=\"sc_title sc_title_regular sc_align_right margin_bottom_null\" style=\"margin-top: -5px;text-align:right;color:#ffffff;\">Nous contacter<\/h3><\/div><div class=\"column-1_2 sc_column_item sc_column_item_2 even\">[vc_column_text el_class=&#8221;margin_bottom_small margin_left_small mc4wp-form-cust&#8221;]Lien vers le form[\/vc_column_text]<\/div><\/div><\/div>[\/vc_column][\/vc_row]<\/p>\n<\/section>","protected":false},"excerpt":{"rendered":"<p>[vc_row full_width=&#8221;stretch_row&#8221;][vc_column][vc_column_text]Le bien-\u00eatre des employ\u00e9s est essentiel \u00e0 la r\u00e9ussite de toute entreprise. Pour favoriser la coh\u00e9sion d&#8217;\u00e9quipe, r\u00e9duire le stress et am\u00e9liorer la productivit\u00e9, AB Coaching Valence propose une solution innovante : le sport entre coll\u00e8gues de travail. Que vous souhaitiez que vos employ\u00e9s viennent dans notre box \u00e0 Valence ou que nous nous [&hellip;]<\/p>\n","protected":false},"author":1,"featured_media":0,"parent":0,"menu_order":0,"comment_status":"closed","ping_status":"closed","template":"","meta":{"footnotes":""},"class_list":["post-33","page","type-page","status-publish","hentry"],"_links":{"self":[{"href":"https:\/\/abcoaching-valence.fr\/index.php\/wp-json\/wp\/v2\/pages\/33","targetHints":{"allow":["GET"]}}],"collection":[{"href":"https:\/\/abcoaching-valence.fr\/index.php\/wp-json\/wp\/v2\/pages"}],"about":[{"href":"https:\/\/abcoaching-valence.fr\/index.php\/wp-json\/wp\/v2\/types\/page"}],"author":[{"embeddable":true,"href":"https:\/\/abcoaching-valence.fr\/index.php\/wp-json\/wp\/v2\/users\/1"}],"replies":[{"embeddable":true,"href":"https:\/\/abcoaching-valence.fr\/index.php\/wp-json\/wp\/v2\/comments?post=33"}],"version-history":[{"count":17,"href":"https:\/\/abcoaching-valence.fr\/index.php\/wp-json\/wp\/v2\/pages\/33\/revisions"}],"predecessor-version":[{"id":2925,"href":"https:\/\/abcoaching-valence.fr\/index.php\/wp-json\/wp\/v2\/pages\/33\/revisions\/2925"}],"wp:attachment":[{"href":"https:\/\/abcoaching-valence.fr\/index.php\/wp-json\/wp\/v2\/media?parent=33"}],"curies":[{"name":"wp","href":"https:\/\/api.w.org\/{rel}","templated":true}]}}