{"id":2892,"date":"2023-10-30T14:18:47","date_gmt":"2023-10-30T13:18:47","guid":{"rendered":"https:\/\/abcoaching-valence.fr\/?page_id=2892"},"modified":"2023-10-30T14:42:33","modified_gmt":"2023-10-30T13:42:33","slug":"espace-coach","status":"publish","type":"page","link":"https:\/\/abcoaching-valence.fr\/index.php\/espace-coach\/","title":{"rendered":"Espace coach"},"content":{"rendered":"<section class=\"wpb-content-wrapper\"><p>[vc_row][vc_column]<div class=\"sc_section\" style=\"max-height:327px;\"><div class=\"sc_section_inner\"><figure class=\"sc_image  sc_image_shape_square\"><img decoding=\"async\" src=\"https:\/\/abcoaching-valence.fr\/wp-content\/uploads\/2023\/10\/image-AB-Coaching-Notre-methode-1.png\" alt=\"\" \/><\/figure><\/div><\/div>[vc_empty_space][\/vc_column][\/vc_row][vc_row][vc_column]<div class=\"columns_wrap sc_columns columns_nofluid sc_columns_count_1 margin_bottom_large\" style=\"margin: 0 auto;width:69%;\"><div class=\"column-1_1 sc_column_item sc_column_item_1 odd first\">[vc_column_text]<\/p>\n<p style=\"text-align: center;\">En tant que coach sportif passionn\u00e9, vous recherchez sans doute un lieu id\u00e9al pour dispenser vos s\u00e9ances d&#8217;entra\u00eenement, o\u00f9 vous pourrez offrir \u00e0 vos clients un environnement propice \u00e0 l&#8217;atteinte de leurs objectifs de remise en forme. C&#8217;est dans cet esprit que nous vous invitons \u00e0 d\u00e9couvrir notre espace unique : la &#8220;AB COACHING Valence.&#8221;<\/p>\n<p style=\"text-align: center;\">Dans cet article, nous vous pr\u00e9sentons en d\u00e9tail les avantages de louer notre box pour vos s\u00e9ances de sport, pour vous aider \u00e0 offrir \u00e0 vos clients la meilleure exp\u00e9rience d&#8217;entra\u00eenement possible.<\/p>\n<p>[\/vc_column_text]<\/div><\/div>[\/vc_column][\/vc_row][vc_row full_width=&#8221;stretch_row&#8221; css=&#8221;.vc_custom_1450260508440{background-image: url(https:\/\/abcoaching-valence.fr\/wp-content\/uploads\/2015\/12\/bg_wod.jpg?id=914) !important;}&#8221;][vc_column]<h3 class=\"sc_title sc_title_regular\"><\/p>\n<p style=\"text-align: center;\"><strong>Avantages de Louer Notre Box :<\/strong><\/p>\n<p><\/h3><div class=\"columns_wrap sc_columns columns_nofluid sc_columns_count_3\" style=\"padding: 3.5em 0 5em 0;\"><div class=\"column-1_3 sc_column_item sc_column_item_1 odd first\"><h3 class=\"sc_title sc_title_regular\" style=\"margin-bottom: 1em;\"><strong>1. Un Espace Spacieux et Polyvalent :<\/strong><\/h3>[vc_column_text]Notre box est un espace spacieux et polyvalent, con\u00e7u pour r\u00e9pondre \u00e0 toutes les exigences de vos s\u00e9ances de coaching sportif.<\/p>\n<p>Avec une superficie de [m2], vous disposerez d&#8217;assez d&#8217;espace pour organiser des s\u00e9ances de groupe ou des s\u00e9ances individuelles, quel que soit le type de sport que vous enseignez.[\/vc_column_text]<\/div><div class=\"column-1_3 sc_column_item sc_column_item_2 even\"><h3 class=\"sc_title sc_title_regular\" style=\"margin-bottom: 1em;\"><strong>2. \u00c9quipements de Qualit\u00e9 :<\/strong><\/h3>[vc_column_text]Nous comprenons que la qualit\u00e9 des \u00e9quipements est essentielle pour des s\u00e9ances de coaching sportif efficaces.<\/p>\n<p>C&#8217;est pourquoi notre box est \u00e9quip\u00e9 d&#8217;un mat\u00e9riel de sport tr\u00e8s r\u00e9cent, allant des poids libres aux \u00e9quipements de cardio, en passant par les tapis de yoga et les accessoires de musculation.<\/p>\n<p>Vous pourrez ainsi offrir \u00e0 vos clients une exp\u00e9rience sportive de premier ordre.[\/vc_column_text]<\/div><div class=\"column-1_3 sc_column_item sc_column_item_3 odd\"><h3 class=\"sc_title sc_title_regular\" style=\"margin-bottom: 1em;\"><strong>3. Confidentialit\u00e9 et Confort :<\/strong><\/h3>[vc_column_text]Notre box est un espace priv\u00e9 o\u00f9 vous pouvez travailler en toute tranquillit\u00e9, sans \u00eatre d\u00e9rang\u00e9 par des regards indiscrets. De plus, vous disposez de ventilateurs pour assurer le confort de vos clients pendant les s\u00e9ances.[\/vc_column_text]<\/div><\/div><div class=\"columns_wrap sc_columns columns_nofluid sc_columns_count_3\" style=\"padding: 3.5em 0 5em 0;\"><div class=\"column-1_3 sc_column_item sc_column_item_1 odd first\"><h3 class=\"sc_title sc_title_regular\" style=\"margin-bottom: 1em;\"><strong>4. Emplacement Id\u00e9al :<\/strong><\/h3>[vc_column_text]Notre box est situ\u00e9 dans un emplacement strat\u00e9gique, facilement accessible pour vos clients. Il est proche du centre de trie de la grande Poste et derri\u00e8re les ambulances Ben \u00e0 Valence, pour garantir la commodit\u00e9 de ceux qui viennent s&#8217;entra\u00eener avec vous.[\/vc_column_text]<\/div><div class=\"column-1_3 sc_column_item sc_column_item_2 even\"><h3 class=\"sc_title sc_title_regular\" style=\"margin-bottom: 1em;\"><strong>5. Flexibilit\u00e9 Horaires :<\/strong><\/h3>[vc_column_text]Nous comprenons que les horaires de coaching sportif peuvent varier en fonction des besoins de vos clients. C&#8217;est pourquoi nous offrons une grande flexibilit\u00e9 en mati\u00e8re de r\u00e9servation, vous permettant de choisir les horaires qui vous conviennent le mieux.[\/vc_column_text]<\/div><div class=\"column-1_3 sc_column_item sc_column_item_3 odd\"><h3 class=\"sc_title sc_title_regular\" style=\"margin-bottom: 1em;\"><strong>6. Tarifs Comp\u00e9titifs :<\/strong><\/h3>[vc_column_text]Nous proposons des tarifs comp\u00e9titifs pour la location de notre box. Vous pouvez choisir parmi diverses options de tarification, y compris des forfaits horaires, hebdomadaires ou mensuels, afin de trouver celui qui correspond le mieux \u00e0 votre budget.[\/vc_column_text]<\/div><\/div>[vc_empty_space][\/vc_column][\/vc_row][vc_row full_width=&#8221;stretch_row&#8221; css=&#8221;.vc_custom_1450368633432{background-color: #141516 !important;}&#8221;][vc_column]<div class=\"sc_content content_wrap\" style=\"padding: 3.8em 0 0em 0;\"><h5 class=\"sc_title sc_title_regular sc_align_center margin_bottom_tiny-\" style=\"letter-spacing: 11.5px;text-align:center;color:#afafb0;font-weight:700;font-size:0.833em;\">AB COACHING Valence<\/h5><h2 class=\"sc_title sc_title_regular sc_align_center\" style=\"text-align:center;\">Espace Coach<\/h2>[vc_column_text css=&#8221;.vc_custom_1698671783432{margin-top: 12px !important;margin-bottom: -10px !important;}&#8221;]Notre box \u00e0 Valence est l&#8217;endroit id\u00e9al pour les coachs sportifs qui cherchent \u00e0 offrir \u00e0 leurs clients un environnement propice \u00e0 l&#8217;atteinte de leurs objectifs de remise en forme. Avec des \u00e9quipements de qualit\u00e9, une grande flexibilit\u00e9 horaire, et des tarifs comp\u00e9titifs, vous pourrez vous concentrer sur ce que vous faites de mieux : aider vos clients \u00e0 atteindre leurs objectifs de remise en forme.<\/p>\n<p>&nbsp;<\/p>\n<p>N&#8217;attendez plus pour louer notre box et offrir \u00e0 vos clients une exp\u00e9rience sportive exceptionnelle.<\/p>\n<p>Contactez-nous d\u00e8s aujourd&#8217;hui pour r\u00e9server votre cr\u00e9neau et d\u00e9couvrir comment notre espace peut contribuer au succ\u00e8s de votre activit\u00e9 de coaching sportif.<\/p>\n<p>&nbsp;<\/p>\n<p>Votre succ\u00e8s est notre priorit\u00e9, et nous sommes impatients de vous accueillir chez AB COACHING Valence[\/vc_column_text]<a href=\"https:\/\/docs.google.com\/forms\/d\/e\/1FAIpQLScSs8Ugl85Oz2BzX3I3ERUBB2BsH-JEWgXcSZbWBy0d56W32w\/viewform?vc=0&c=0&w=1&flr=0&usp=mail_form_link\" class=\"sc_button sc_button_square sc_button_style_style1 sc_button_size_medium aligncenter\" style=\"margin-top: 3em;width:190px;\">Nous contacter<\/a>[vc_empty_space height=&#8221;4.2em&#8221;]<\/div>[\/vc_column][\/vc_row]<\/p>\n<\/section>","protected":false},"excerpt":{"rendered":"<p>[vc_row][vc_column][vc_empty_space][\/vc_column][\/vc_row][vc_row][vc_column][\/vc_column][\/vc_row][vc_row full_width=&#8221;stretch_row&#8221; css=&#8221;.vc_custom_1450260508440{background-image: url(https:\/\/abcoaching-valence.fr\/wp-content\/uploads\/2015\/12\/bg_wod.jpg?id=914) !important;}&#8221;][vc_column][vc_empty_space][\/vc_column][\/vc_row][vc_row full_width=&#8221;stretch_row&#8221; css=&#8221;.vc_custom_1450368633432{background-color: #141516 !important;}&#8221;][vc_column][\/vc_column][\/vc_row]<\/p>\n","protected":false},"author":1,"featured_media":0,"parent":0,"menu_order":0,"comment_status":"closed","ping_status":"closed","template":"","meta":{"footnotes":""},"class_list":["post-2892","page","type-page","status-publish","hentry"],"_links":{"self":[{"href":"https:\/\/abcoaching-valence.fr\/index.php\/wp-json\/wp\/v2\/pages\/2892","targetHints":{"allow":["GET"]}}],"collection":[{"href":"https:\/\/abcoaching-valence.fr\/index.php\/wp-json\/wp\/v2\/pages"}],"about":[{"href":"https:\/\/abcoaching-valence.fr\/index.php\/wp-json\/wp\/v2\/types\/page"}],"author":[{"embeddable":true,"href":"https:\/\/abcoaching-valence.fr\/index.php\/wp-json\/wp\/v2\/users\/1"}],"replies":[{"embeddable":true,"href":"https:\/\/abcoaching-valence.fr\/index.php\/wp-json\/wp\/v2\/comments?post=2892"}],"version-history":[{"count":4,"href":"https:\/\/abcoaching-valence.fr\/index.php\/wp-json\/wp\/v2\/pages\/2892\/revisions"}],"predecessor-version":[{"id":2902,"href":"https:\/\/abcoaching-valence.fr\/index.php\/wp-json\/wp\/v2\/pages\/2892\/revisions\/2902"}],"wp:attachment":[{"href":"https:\/\/abcoaching-valence.fr\/index.php\/wp-json\/wp\/v2\/media?parent=2892"}],"curies":[{"name":"wp","href":"https:\/\/api.w.org\/{rel}","templated":true}]}}