{"id":25,"date":"2015-12-11T13:56:40","date_gmt":"2015-12-11T13:56:40","guid":{"rendered":"https:\/\/abcoaching-valence.fr\/?page_id=25"},"modified":"2023-10-31T18:06:23","modified_gmt":"2023-10-31T17:06:23","slug":"coaches","status":"publish","type":"page","link":"https:\/\/abcoaching-valence.fr\/index.php\/coaches\/","title":{"rendered":"Les coachs"},"content":{"rendered":"<section class=\"wpb-content-wrapper\"><p>[vc_row full_width=&#8221;stretch_row&#8221; parallax=&#8221;content-moving&#8221; parallax_image=&#8221;2870&#8243;][vc_column]<div class=\"sc_content content_wrap\" style=\"padding: 7em 0 4.55em 0;\"><div id=\"sc_call_to_action_1263962048\" class=\"sc_call_to_action sc_call_to_action_style_1 sc_call_to_action_align_center\" style=\"width:100%;\"><div class=\"sc_call_to_action_info\"><h6 class=\"sc_call_to_action_subtitle sc_item_subtitle\">AB Coaching - Valence<\/h6><h2 class=\"sc_call_to_action_title sc_item_title\">R\u00e9servez un coaching personnalis\u00e9<\/h2><div class=\"sc_call_to_action_descr sc_item_descr\">Atteignez vos objectifs de sant\u00e9 et de bien-\u00eatre avec nos experts passionn\u00e9s.<\/div><\/div><\/div><a href=\"https:\/\/forms.gle\/L9kBj2vYhn5nB86r8\" class=\"sc_button sc_button_square sc_button_style_style1 sc_button_size_medium aligncenter\" style=\"margin-top: 3em;width:190px;\">C&#8217;est partis<\/a><\/div>[\/vc_column][\/vc_row][vc_row full_width=&#8221;stretch_row&#8221; parallax=&#8221;content-moving&#8221; parallax_image=&#8221;1251&#8243; disable_element=&#8221;yes&#8221;][vc_column]<div class=\"sc_content content_wrap\" style=\"padding: 7em 0 4.55em 0;\"><div id=\"sc_call_to_action_34029708\" class=\"sc_call_to_action sc_call_to_action_style_1 sc_call_to_action_align_center\" style=\"width:100%;\"><div class=\"sc_call_to_action_info\"><h6 class=\"sc_call_to_action_subtitle sc_item_subtitle\">AB Coaching - Valence<\/h6><h2 class=\"sc_call_to_action_title sc_item_title\">R\u00e9servez un coaching personnalis\u00e9<\/h2><div class=\"sc_call_to_action_descr sc_item_descr\">Atteignez vos objectifs de sant\u00e9 et de bien-\u00eatre avec nos experts passionn\u00e9s.<\/div><div class=\"sc_call_to_action_buttons sc_item_buttons\"><div class=\"sc_call_to_action_button sc_item_button\"><a href=\"https:\/\/forms.gle\/L9kBj2vYhn5nB86r8\" class=\"sc_button sc_button_square sc_button_style_style1 sc_button_size_small\">Learn more<\/a><\/div><\/div><\/div><\/div><div id=\"sc_countdown_1528196233\" class=\"sc_countdown sc_countdown_style_2 aligncenter\" data-date=\"2023-12-25\" data-time=\"12:00:30\"><div class=\"sc_countdown_inner\"><div class=\"sc_countdown_item sc_countdown_days\"><span class=\"sc_countdown_digits\"><span><\/span><span><\/span><span><\/span><\/span><span class=\"sc_countdown_label\">Days<\/span><\/div><div class=\"sc_countdown_separator\"><\/div><div class=\"sc_countdown_item sc_countdown_hours\"><span class=\"sc_countdown_digits\"><span><\/span><span><\/span><\/span><span class=\"sc_countdown_label\">Hours<\/span><\/div><div class=\"sc_countdown_separator\"><\/div><div class=\"sc_countdown_item sc_countdown_minutes\"><span class=\"sc_countdown_digits\"><span><\/span><span><\/span><\/span><span class=\"sc_countdown_label\">Minutes<\/span><\/div><div class=\"sc_countdown_separator\"><\/div><div class=\"sc_countdown_item sc_countdown_seconds\"><span class=\"sc_countdown_digits\"><span><\/span><span><\/span><\/span><span class=\"sc_countdown_label\">Seconds<\/span><\/div><div class=\"sc_countdown_placeholder hide\"><\/div><\/div><\/div><a href=\"\/locations\/\" class=\"sc_button sc_button_square sc_button_style_style1 sc_button_size_medium aligncenter\" style=\"margin-top: 3em;width:190px;\">register today<\/a><\/div>[\/vc_column][\/vc_row][vc_row][vc_column]<div class=\"sc_content content_wrap\" style=\"padding-top: 4.85em\"><div id=\"sc_team_955620451_wrap\" class=\"sc_team_wrap\"><div id=\"sc_team_955620451\" class=\"sc_team sc_team_style_team-1  sc_slider_nopagination sc_slider_nocontrols\" style=\"width:100%;\" data-interval=\"9124\" data-slides-per-view=\"2\" data-slides-min-width=\"250\"><h6 class=\"sc_team_subtitle sc_item_subtitle\">Nos Coachs<\/h6><h2 class=\"sc_team_title sc_item_title\">Professionnels<\/h2><div class=\"sc_columns columns_wrap\"><div class=\"column-1_2 column_padding_bottom\">\t\t\t<div id=\"sc_team_955620451_1\"\t\t\t\tclass=\"sc_team_item sc_team_item_1 odd first\"\n\t\t\t\t>\n\t\t\t\t<div class=\"sc_team_item_avatar\"><a href=\"https:\/\/abcoaching-valence.fr\/index.php\/team\/sam\/\"><img loading=\"lazy\" decoding=\"async\" class=\"wp-post-image\" width=\"370\" height=\"340\" alt=\"Sam\" src=\"https:\/\/abcoaching-valence.fr\/wp-content\/uploads\/2015\/12\/Black-Photo-Fitness-for-Men-Instagram-Post-9-370x340.png\"><span class=\"hovered_team_item icon-plus\"><\/span><\/a><\/div>\n\t\t\t\t<div class=\"sc_team_item_info\">\n\t\t\t\t\t<h5 class=\"sc_team_item_title\"><a href=\"https:\/\/abcoaching-valence.fr\/index.php\/team\/sam\/\">Sam<\/a><\/h5>\n\t\t\t\t\t<div class=\"sc_team_item_description\">Crossfit Level 1<br>Crossfit Coache\u2019s Prep<br>CrossFit Kids<\/div>\n\t\t\t\t\t<div class=\"sc_team_item_more\"><a href=\"https:\/\/abcoaching-valence.fr\/index.php\/team\/sam\/\">more<\/a><\/div>\t\t\t\t\t\t\t\t\t<\/div>\n\t\t\t<\/div>\n\t\t<\/div><div class=\"column-1_2 column_padding_bottom\">\t\t\t<div id=\"sc_team_955620451_2\"\t\t\t\tclass=\"sc_team_item sc_team_item_2 even\"\n\t\t\t\t>\n\t\t\t\t<div class=\"sc_team_item_avatar\"><a href=\"https:\/\/abcoaching-valence.fr\/index.php\/team\/khoren\/\"><img loading=\"lazy\" decoding=\"async\" class=\"wp-post-image\" width=\"370\" height=\"340\" alt=\"Khoren\" src=\"https:\/\/abcoaching-valence.fr\/wp-content\/uploads\/2023\/10\/383806845_154919687677075_718972114148621590_n-370x340.jpg\"><span class=\"hovered_team_item icon-plus\"><\/span><\/a><\/div>\n\t\t\t\t<div class=\"sc_team_item_info\">\n\t\t\t\t\t<h5 class=\"sc_team_item_title\"><a href=\"https:\/\/abcoaching-valence.fr\/index.php\/team\/khoren\/\">Khoren<\/a><\/h5>\n\t\t\t\t\t<div class=\"sc_team_item_description\">Crossfit Level 1<br>Crossfit Coache\u2019s Prep<br>CrossFit Kids<\/div>\n\t\t\t\t\t<div class=\"sc_team_item_more\"><a href=\"https:\/\/abcoaching-valence.fr\/index.php\/team\/khoren\/\">more<\/a><\/div>\t\t\t\t\t\t\t\t\t<\/div>\n\t\t\t<\/div>\n\t\t<\/div><div class=\"column-1_2 column_padding_bottom\">\t\t\t<div id=\"sc_team_955620451_3\"\t\t\t\tclass=\"sc_team_item sc_team_item_3 odd\"\n\t\t\t\t>\n\t\t\t\t<div class=\"sc_team_item_avatar\"><a href=\"https:\/\/abcoaching-valence.fr\/index.php\/team\/ben\/\"><img loading=\"lazy\" decoding=\"async\" class=\"wp-post-image\" width=\"370\" height=\"340\" alt=\"Benjamin\" src=\"https:\/\/abcoaching-valence.fr\/wp-content\/uploads\/2023\/10\/382241946_154878697681174_3558019750070433346_n-370x340.jpg\"><span class=\"hovered_team_item icon-plus\"><\/span><\/a><\/div>\n\t\t\t\t<div class=\"sc_team_item_info\">\n\t\t\t\t\t<h5 class=\"sc_team_item_title\"><a href=\"https:\/\/abcoaching-valence.fr\/index.php\/team\/ben\/\">Benjamin<\/a><\/h5>\n\t\t\t\t\t<div class=\"sc_team_item_description\">Crossfit Level 1<br>Crossfit Coache\u2019s Prep<br>CrossFit Kids<\/div>\n\t\t\t\t\t<div class=\"sc_team_item_more\"><a href=\"https:\/\/abcoaching-valence.fr\/index.php\/team\/ben\/\">more<\/a><\/div>\t\t\t\t\t\t\t\t\t<\/div>\n\t\t\t<\/div>\n\t\t<\/div><div class=\"column-1_2 column_padding_bottom\">\t\t\t<div id=\"sc_team_955620451_4\"\t\t\t\tclass=\"sc_team_item sc_team_item_4 even\"\n\t\t\t\t>\n\t\t\t\t<div class=\"sc_team_item_avatar\"><a href=\"https:\/\/abcoaching-valence.fr\/index.php\/team\/pierre-louis\/\"><img loading=\"lazy\" decoding=\"async\" class=\"wp-post-image\" width=\"370\" height=\"340\" alt=\"Pierre-Louis\" src=\"https:\/\/abcoaching-valence.fr\/wp-content\/uploads\/2023\/10\/383814511_154806511021726_8651068178414088698_n-370x340.jpg\"><span class=\"hovered_team_item icon-plus\"><\/span><\/a><\/div>\n\t\t\t\t<div class=\"sc_team_item_info\">\n\t\t\t\t\t<h5 class=\"sc_team_item_title\"><a href=\"https:\/\/abcoaching-valence.fr\/index.php\/team\/pierre-louis\/\">Pierre-Louis<\/a><\/h5>\n\t\t\t\t\t<div class=\"sc_team_item_description\">Crossfit Level 1<br>Crossfit Coache\u2019s Prep<br>CrossFit Kids<\/div>\n\t\t\t\t\t<div class=\"sc_team_item_more\"><a href=\"https:\/\/abcoaching-valence.fr\/index.php\/team\/pierre-louis\/\">more<\/a><\/div>\t\t\t\t\t\t\t\t\t<\/div>\n\t\t\t<\/div>\n\t\t<\/div><\/div><\/div><!-- \/.sc_team --><\/div><!-- \/.sc_team_wrap --><\/div>[\/vc_column][\/vc_row][vc_row full_width=&#8221;stretch_row&#8221; disable_element=&#8221;yes&#8221; css=&#8221;.vc_custom_1698771980189{background-image: url(https:\/\/abcoaching-valence.fr\/wp-content\/uploads\/2015\/12\/bg_home3_testimonials.jpg?id=896) !important;}&#8221;][vc_column]<div class=\"sc_content content_wrap\" style=\"padding: 3.14em 0;\"><div id=\"sc_testimonials_1202396857\" class=\"sc_testimonials sc_testimonials_style_testimonials-2  sc_slider_swiper swiper-slider-container sc_slider_pagination sc_slider_pagination_bottom sc_slider_nocontrols\" data-interval=\"6005\" data-slides-min-width=\"250\" style=\"width:100%;\"><div class=\"slides swiper-wrapper\"><div class=\"swiper-slide\" data-style=\"width:100%;\" style=\"width:100%;\">\t\t\t<div id=\"sc_testimonials_1202396857_1\" class=\"sc_testimonial_item\">\n\t\t\t\t<div class=\"sc_testimonial_content\"><p>It is an awesome workout! I have seen significant changes in my strength, endurance, and shape. CrossFit IronFit is for you if you want to build a better body.<\/p><\/div>\n\t\t\t\t\t\t\t\t<div class=\"sc_testimonial_author\"><span class=\"sc_testimonial_author_name\">Cecil Cain<\/span><\/div>\n\t\t\t\t\t\t\t<\/div>\n\t\t<\/div><div class=\"swiper-slide\" data-style=\"width:100%;\" style=\"width:100%;\">\t\t\t<div id=\"sc_testimonials_1202396857_2\" class=\"sc_testimonial_item\">\n\t\t\t\t<div class=\"sc_testimonial_content\"><p>I\u2019ve lost over 110 pounds so far and it\u2019s changed my life. Your coaches have given me the tools, motivation, and the support I needed to become the person that I am today. The staff is great! It\u2019s like a 2nd family.<\/p><\/div>\n\t\t\t\t\t\t\t\t<div class=\"sc_testimonial_author\"><span class=\"sc_testimonial_author_name\">Jo Goodwin<\/span><\/div>\n\t\t\t\t\t\t\t<\/div>\n\t\t<\/div><div class=\"swiper-slide\" data-style=\"width:100%;\" style=\"width:100%;\">\t\t\t<div id=\"sc_testimonials_1202396857_3\" class=\"sc_testimonial_item\">\n\t\t\t\t<div class=\"sc_testimonial_content\"><p>This is a welcoming place. I'm new to crossfit and the trainers work with you at your level. I'm 35 and I see all ages at this gym.<\/p><\/div>\n\t\t\t\t\t\t\t\t<div class=\"sc_testimonial_author\"><span class=\"sc_testimonial_author_name\">Wilbert Day<\/span><\/div>\n\t\t\t\t\t\t\t<\/div>\n\t\t<\/div><\/div><div class=\"sc_slider_controls_wrap\"><a class=\"sc_slider_prev\" href=\"#\"><\/a><a class=\"sc_slider_next\" href=\"#\"><\/a><\/div><div class=\"sc_slider_pagination_wrap\"><\/div><\/div><\/div>[\/vc_column][\/vc_row]<\/p>\n<\/section>","protected":false},"excerpt":{"rendered":"<p>[vc_row full_width=&#8221;stretch_row&#8221; parallax=&#8221;content-moving&#8221; parallax_image=&#8221;2870&#8243;][vc_column][\/vc_column][\/vc_row][vc_row full_width=&#8221;stretch_row&#8221; parallax=&#8221;content-moving&#8221; parallax_image=&#8221;1251&#8243; disable_element=&#8221;yes&#8221;][vc_column][\/vc_column][\/vc_row][vc_row][vc_column][\/vc_column][\/vc_row][vc_row full_width=&#8221;stretch_row&#8221; disable_element=&#8221;yes&#8221; css=&#8221;.vc_custom_1698771980189{background-image: url(https:\/\/abcoaching-valence.fr\/wp-content\/uploads\/2015\/12\/bg_home3_testimonials.jpg?id=896) !important;}&#8221;][vc_column][\/vc_column][\/vc_row]<\/p>\n","protected":false},"author":1,"featured_media":0,"parent":0,"menu_order":0,"comment_status":"closed","ping_status":"closed","template":"","meta":{"footnotes":""},"class_list":["post-25","page","type-page","status-publish","hentry"],"_links":{"self":[{"href":"https:\/\/abcoaching-valence.fr\/index.php\/wp-json\/wp\/v2\/pages\/25","targetHints":{"allow":["GET"]}}],"collection":[{"href":"https:\/\/abcoaching-valence.fr\/index.php\/wp-json\/wp\/v2\/pages"}],"about":[{"href":"https:\/\/abcoaching-valence.fr\/index.php\/wp-json\/wp\/v2\/types\/page"}],"author":[{"embeddable":true,"href":"https:\/\/abcoaching-valence.fr\/index.php\/wp-json\/wp\/v2\/users\/1"}],"replies":[{"embeddable":true,"href":"https:\/\/abcoaching-valence.fr\/index.php\/wp-json\/wp\/v2\/comments?post=25"}],"version-history":[{"count":11,"href":"https:\/\/abcoaching-valence.fr\/index.php\/wp-json\/wp\/v2\/pages\/25\/revisions"}],"predecessor-version":[{"id":2954,"href":"https:\/\/abcoaching-valence.fr\/index.php\/wp-json\/wp\/v2\/pages\/25\/revisions\/2954"}],"wp:attachment":[{"href":"https:\/\/abcoaching-valence.fr\/index.php\/wp-json\/wp\/v2\/media?parent=25"}],"curies":[{"name":"wp","href":"https:\/\/api.w.org\/{rel}","templated":true}]}}